{"id":206,"date":"2025-02-26T12:54:54","date_gmt":"2025-02-26T12:54:54","guid":{"rendered":"https:\/\/test.digitalloge.com\/?page_id=206"},"modified":"2025-09-02T13:11:05","modified_gmt":"2025-09-02T13:11:05","slug":"home","status":"publish","type":"page","link":"https:\/\/digitalloge.com\/","title":{"rendered":"home-group-> Home DiLo"},"content":{"rendered":"\n<div class=\"wp-block-uagb-container uagb-block-0510ccec alignfull uagb-is-root-container\">\n<div class=\"wp-block-uagb-container uagb-block-5cb4b1bf\">\n<div class=\"wp-block-uagb-advanced-heading uagb-block-076ef69f\"><h4 class=\"uagb-heading-text\"><strong>CoMo Interim <\/strong><\/h4><\/div>\n\n\n\n<div class=\"wp-block-uagb-info-box uagb-block-7368a642 uagb-infobox__content-wrap  uagb-infobox-icon-above-title uagb-infobox-image-valign-top wp-block-uagb-info-box--has-margin\"><div class=\"uagb-infobox-margin-wrapper\"><div class=\"uagb-ifb-content\"><div class=\"uagb-ifb-title-wrap\"><h1 class=\"uagb-ifb-title\"><strong>Your Network of Trust \u200b<\/strong><\/h1><\/div><p class=\"uagb-ifb-desc\"><strong>Management Ihrer digitalen Transformationsprojekte f\u00fcr Business und Industrie <\/strong><\/p><\/div><\/div><\/div>\n\n\n\n<div class=\"wp-block-uagb-buttons uagb-buttons__outer-wrap uagb-btn__default-btn uagb-btn-tablet__default-btn uagb-btn-mobile__default-btn uagb-block-f1523bbd\"><div class=\"uagb-buttons__wrap uagb-buttons-layout-wrap \">\n<div class=\"wp-block-uagb-buttons-child uagb-buttons__outer-wrap uagb-block-a45b8db4 wp-block-button\"><div class=\"uagb-button__wrapper\"><a class=\"uagb-buttons-repeater wp-block-button__link\" aria-label=\"\" href=\"#Excellence\" rel=\"follow noopener\" target=\"_self\" role=\"button\"><div class=\"uagb-button__link\">Mehr erfahren <\/div><\/a><\/div><\/div>\n<\/div><\/div>\n<\/div>\n<\/div>\n\n\n\n<div id=\"Excellence\" class=\"wp-block-uagb-container uagb-block-ikumqigp alignfull uagb-is-root-container\"><div class=\"uagb-container-inner-blocks-wrap\">\n<div class=\"wp-block-uagb-container uagb-block-zkbu7xms\">\n<div class=\"wp-block-uagb-info-box uagb-block-biypa6jh uagb-infobox__content-wrap  uagb-infobox-icon-above-title uagb-infobox-image-valign-top wp-block-uagb-info-box--has-margin\"><div class=\"uagb-infobox-margin-wrapper\"><div class=\"uagb-ifb-content\"><div class=\"uagb-ifb-title-wrap\"><h2 class=\"uagb-ifb-title\"><strong>Willkommen bei der DigitalLoge GmbH<\/strong> <\/h2><\/div><p class=\"uagb-ifb-desc\"><br>In einer Welt, in der die Digitalisierung immer mehr Geschwindigkeit gewinnt, ist es wichtig, einen verl\u00e4sslichen Partner an Ihrer Seite zu haben, der Sie bei der Navigation durch diese komplexe Landschaft unterst\u00fctzt. Die DigitalLoge GmbH bietet Ihnen genau das: ein Netzwerk aus erfahrenen Beratern, die Ihnen bei allen Fragen rund um das IT-Interims- und Projektmanagement sowie weiteren Anforderungen der Digitalisierung zur Verf\u00fcgung stehen.<\/p><\/div><\/div><\/div>\n\n\n\n<div class=\"wp-block-uagb-info-box uagb-block-a7dohtdi uagb-infobox__content-wrap  uagb-infobox-icon-above-title uagb-infobox-image-valign-top wp-block-uagb-info-box--has-margin\"><div class=\"uagb-infobox-margin-wrapper\"><div class=\"uagb-ifb-content\"><div class=\"uagb-ifb-title-wrap\"><h3 class=\"uagb-ifb-title\"><strong>Unser Netzwerk &#8211; Ihr Vorteil<\/strong><\/h3><\/div><p class=\"uagb-ifb-desc\">Unser Netzwerk besteht aus erfahrenen Beratern, die Ihnen kurzfristig und mit hoher Expertise zur Verf\u00fcgung stehen. Wir bieten Ihnen ein kostenloses Erstgespr\u00e4ch, um gemeinsam die Herausforderungen der Digitalisierung zu meistern. Unsere Services umfassen Interims- und Projektmanagement, CIO as a Service und Jobcoaching f\u00fcr die Digitalisierung.<\/p><\/div><\/div><\/div>\n\n\n\n<div class=\"wp-block-uagb-info-box uagb-block-ql4tsr5i uagb-infobox__content-wrap  uagb-infobox-icon-above-title uagb-infobox-image-valign-top wp-block-uagb-info-box--has-margin\"><div class=\"uagb-infobox-margin-wrapper\"><div class=\"uagb-ifb-content\"><div class=\"uagb-ifb-title-wrap\"><h3 class=\"uagb-ifb-title\"><strong>Unsere Expertisen<\/strong><\/h3><\/div><p class=\"uagb-ifb-desc\">Wir bieten Ihnen eine breite Palette an Expertisen, darunter Projektmanagement, agiles Vertriebsmanagement, Providermanagement, Sourcing und digitale Transformation. Unsere Spezialisten arbeiten eng zusammen, um Ihnen die beste L\u00f6sung f\u00fcr Ihre spezifischen Anforderungen zu bieten. Ob Sie nach kurzfristiger Unterst\u00fctzung oder langfristiger Partnerschaft suchen &#8211; wir haben die richtigen Experten f\u00fcr Sie.<\/p><\/div><\/div><\/div>\n<\/div>\n\n\n\n<div class=\"wp-block-uagb-container uagb-block-tau3u6s4\">\n<div class=\"wp-block-uagb-image alignleft uagb-block-b6daf610 wp-block-uagb-image--layout-default wp-block-uagb-image--effect-static wp-block-uagb-image--align-left\"><figure class=\"wp-block-uagb-image__figure\"><img decoding=\"async\" srcset=\"https:\/\/digitalloge.com\/wp-content\/uploads\/2025\/08\/DSC02457-Enhanced-NR-ohne-f-und-ohne-schriftzug-1024x576.png ,https:\/\/digitalloge.com\/wp-content\/uploads\/2025\/08\/DSC02457-Enhanced-NR-ohne-f-und-ohne-schriftzug-scaled.png 780w, https:\/\/digitalloge.com\/wp-content\/uploads\/2025\/08\/DSC02457-Enhanced-NR-ohne-f-und-ohne-schriftzug-scaled.png 360w\" sizes=\"auto, (max-width: 480px) 150px\" src=\"https:\/\/digitalloge.com\/wp-content\/uploads\/2025\/08\/DSC02457-Enhanced-NR-ohne-f-und-ohne-schriftzug-1024x576.png\" alt=\"\" class=\"uag-image-897\" width=\"564\" height=\"376\" title=\"DSC02457-Enhanced-NR ohne f und ohne schriftzug\" loading=\"lazy\" role=\"img\"\/><\/figure><\/div>\n\n\n\n<div class=\"wp-block-uagb-info-box uagb-block-4v1pqam3 uagb-infobox__content-wrap  uagb-infobox-icon-above-title uagb-infobox-image-valign-top wp-block-uagb-info-box--has-margin\"><div class=\"uagb-infobox-margin-wrapper\"><div class=\"uagb-ifb-content\"><div class=\"uagb-ifb-title-wrap\"><h3 class=\"uagb-ifb-title\"><strong>Unser Trusted Network<\/strong><\/h3><\/div><p class=\"uagb-ifb-desc\">Die DigitalLoge ist ein exklusiver Kreis von IT-Executives, die ihre Expertise und Erfahrung aus zahlreichen Projekten und Branchen einbringen. Als ausgew\u00e4hlte Trusted Network Partner bilden unsere Mitglieder eine starke Einheit, die Ihnen bei der Bew\u00e4ltigung Ihrer digitalen Transformationsprojekte zur Seite steht. Profitieren Sie von unseren langj\u00e4hrigen und weit vernetzten Beziehungen innerhalb der IT-Community und lassen Sie uns gemeinsam die Zukunft gestalten.<\/p><\/div><\/div><\/div>\n<\/div>\n<\/div><\/div>\n\n\n\n<div style=\"height:0px\" aria-hidden=\"true\" class=\"wp-block-spacer\"><\/div>\n\n\n\n<div class=\"wp-block-uagb-container uagb-block-s2xy1n1v alignfull uagb-is-root-container\"><div class=\"uagb-container-inner-blocks-wrap\">\n<div class=\"wp-block-uagb-image alignleft uagb-block-ibof5shs wp-block-uagb-image--layout-default wp-block-uagb-image--effect-static wp-block-uagb-image--align-left\"><figure class=\"wp-block-uagb-image__figure\"><img decoding=\"async\" srcset=\"https:\/\/digitalloge.com\/wp-content\/uploads\/2025\/02\/tom-endres.jpg ,https:\/\/digitalloge.com\/wp-content\/uploads\/2025\/02\/tom-endres.jpg 780w, https:\/\/digitalloge.com\/wp-content\/uploads\/2025\/02\/tom-endres.jpg 360w\" sizes=\"auto, (max-width: 480px) 150px\" src=\"https:\/\/digitalloge.com\/wp-content\/uploads\/2025\/02\/tom-endres.jpg\" alt=\"\" class=\"uag-image-127\" width=\"564\" height=\"500\" title=\"tom-endres\" loading=\"lazy\" role=\"img\"\/><\/figure><\/div>\n\n\n\n<div class=\"wp-block-uagb-info-box uagb-block-djurzgdk uagb-infobox__content-wrap  uagb-infobox-icon-above-title uagb-infobox-image-valign-top\"><div class=\"uagb-ifb-content\"><div class=\"uagb-ifb-icon-wrap\"><svg xmlns=\"https:\/\/www.w3.org\/2000\/svg\" viewBox=\"0 0 448 512\"><path d=\"M96 224C84.72 224 74.05 226.3 64 229.9V224c0-35.3 28.7-64 64-64c17.67 0 32-14.33 32-32S145.7 96 128 96C57.42 96 0 153.4 0 224v96c0 53.02 42.98 96 96 96s96-42.98 96-96S149 224 96 224zM352 224c-11.28 0-21.95 2.305-32 5.879V224c0-35.3 28.7-64 64-64c17.67 0 32-14.33 32-32s-14.33-32-32-32c-70.58 0-128 57.42-128 128v96c0 53.02 42.98 96 96 96s96-42.98 96-96S405 224 352 224z\"><\/path><\/svg><\/div><div class=\"uagb-ifb-title-wrap\"><p class=\"uagb-ifb-title\">Umsetzungsgeschwindigkeit und unmittelbare positive Auswirkungen auf das  Unternehmensergebnis sind wichtiger denn je. <br><br>Die erfahrenen C-Level Experten aus der DigitalLoge stehen Ihnen f\u00fcr Interimsaufgaben und  als &#8220;C-Level as a Service&#8221; Unterst\u00fctzung umsetzungsstark zur Seite.  <\/p><\/div><p class=\"uagb-ifb-desc\">Dr. Thomas Endres, CEO DigitalLoge GmbH <\/p><\/div><\/div>\n<\/div><\/div>\n\n\n\n<div class=\"wp-block-uagb-slider slider-home-full uagb-block-99df3b2c uagb-slider-container\"><div class=\"uagb-slides uagb-swiper\"><div class=\"swiper-wrapper\">\n<div class=\"wp-block-uagb-slider-child uagb-slider-child-wrap swiper-slide uagb-block-0c3724a8\"><div class=\"swiper-content\">\n<div class=\"wp-block-uagb-container uagb-block-30157d21 alignfull uagb-is-root-container\"><div class=\"uagb-container-inner-blocks-wrap\">\n<div class=\"wp-block-uagb-info-box uagb-block-54f7aec2 uagb-infobox__content-wrap  uagb-infobox-icon-above-title uagb-infobox-image-valign-top\"><div class=\"uagb-ifb-content\"><div class=\"uagb-ifb-title-wrap\"><h3 class=\"uagb-ifb-title\">Schnelle Prozessautomatisierung und -orchestrierung mit dem <br>Connected Innovation Hub<\/h3><\/div><p class=\"uagb-ifb-desc\">Durch die nahtlose Integration verschiedener Systeme und Workflows erm\u00f6glicht unser Hub eine schnelle und effiziente Automatisierung von Gesch\u00e4ftsprozessen. Unternehmen k\u00f6nnen so manuelle Aufgaben reduzieren, die Effizienz steigern und gleichzeitig die Flexibilit\u00e4t erh\u00f6hen, um ihre digitalen Ziele schneller und kosteng\u00fcnstiger zu erreichen.<\/p><div class=\"uagb-ifb-button-wrapper wp-block-button\"><a href=\"https:\/\/corporate-momentum-group.com\/connected-innovation-hub\/\" class=\"uagb-infobox-cta-link wp-block-button__link\" target=\"_self\" rel=\"noopener noreferrer\" onclick=\"return true;\"><span class=\"uagb-inline-editing\">Mehr erfahren <\/span><\/a><\/div><\/div><\/div>\n<\/div><\/div>\n<\/div><\/div>\n\n\n\n<div class=\"wp-block-uagb-slider-child uagb-slider-child-wrap swiper-slide uagb-block-da0c41e7\"><div class=\"swiper-content\">\n<div class=\"wp-block-uagb-container uagb-block-74084adf alignfull uagb-is-root-container\"><div class=\"uagb-container-inner-blocks-wrap\">\n<div class=\"wp-block-uagb-info-box uagb-block-8675fde1 uagb-infobox__content-wrap  uagb-infobox-icon-above-title uagb-infobox-image-valign-top\"><div class=\"uagb-ifb-content\"><div class=\"uagb-ifb-title-wrap\"><h3 class=\"uagb-ifb-title\">Meet Alan &#8211; Ihr vertrauensw\u00fcrdiger KI-Assistent<\/h3><\/div><p class=\"uagb-ifb-desc\">KI ist in aller Munde. Wir alle beginnen entweder gerade zu erkunden, wie verschiedene KI-Assistenten funktionieren und wie sie uns bei der t\u00e4glichen Arbeit unterst\u00fctzen k\u00f6nnen oder sind schon l\u00e4nger Fan und fasziniert von Ergebnissen, die wir mit KI generiert haben. Doch sind die Chat-Bots vertrauensw\u00fcrdig und DSGVO-konform? Darf man das im Unternehmenskontext? Wo landet das, was wir an Fragen und Aufgaben formulieren?<\/p><div class=\"uagb-ifb-button-wrapper wp-block-button\"><a href=\"https:\/\/corporate-momentum-group.com\/connected-innovation-hub\/\" class=\"uagb-infobox-cta-link wp-block-button__link\" target=\"_self\" rel=\"noopener noreferrer\" onclick=\"return true;\"><span class=\"uagb-inline-editing\">Mehr erfahren <\/span><\/a><\/div><\/div><\/div>\n<\/div><\/div>\n<\/div><\/div>\n\n\n\n<div class=\"wp-block-uagb-slider-child uagb-slider-child-wrap swiper-slide uagb-block-3ca45a73\"><div class=\"swiper-content\">\n<div class=\"wp-block-uagb-container uagb-block-f1afd040 alignfull uagb-is-root-container\"><div class=\"uagb-container-inner-blocks-wrap\">\n<div class=\"wp-block-uagb-info-box uagb-block-282ea66e uagb-infobox__content-wrap  uagb-infobox-icon-above-title uagb-infobox-image-valign-top\"><div class=\"uagb-ifb-content\"><div class=\"uagb-ifb-title-wrap\"><h3 class=\"uagb-ifb-title\">Der Feind in meinem Netz&#8230;<\/h3><\/div><p class=\"uagb-ifb-desc\">Auf einmal geht nichts mehr &#8211; das Firmennetz ist down. Keiner kann mehr arbeiten. Die Server sind verschl\u00fcsselt. Die B\u00e4nder stehen still. Ein Alptraum, den wir alle hoffen, nie erleben zu m\u00fcssen. Doch es trifft immer mehr Unternehmen. Jetzt kommt es auf Geschwindigkeit und Pr\u00e4zision im Tun an.<\/p><div class=\"uagb-ifb-button-wrapper wp-block-button\"><a href=\"https:\/\/corporate-momentum-group.com\/krisenmanagement\" class=\"uagb-infobox-cta-link wp-block-button__link\" target=\"_self\" rel=\"noopener noreferrer\" onclick=\"return true;\"><span class=\"uagb-inline-editing\">Mehr erfahren <\/span><\/a><\/div><\/div><\/div>\n<\/div><\/div>\n<\/div><\/div>\n\n\n\n<div class=\"wp-block-uagb-slider-child uagb-slider-child-wrap swiper-slide uagb-block-1846f7b5\"><div class=\"swiper-content\">\n<div class=\"wp-block-uagb-container uagb-block-5f73c85f alignfull uagb-is-root-container\"><div class=\"uagb-container-inner-blocks-wrap\">\n<div class=\"wp-block-uagb-info-box uagb-block-4264238a uagb-infobox__content-wrap  uagb-infobox-icon-above-title uagb-infobox-image-valign-top\"><div class=\"uagb-ifb-content\"><div class=\"uagb-ifb-title-wrap\"><h3 class=\"uagb-ifb-title\">Ad-hoc <br>Krisenstabskoordination nach einer Cyber-Attacke bei einem Automobilzulieferer<\/h3><\/div><p class=\"uagb-ifb-desc\">Ein Unternehmen, das von einem Hackerangriff betroffen war, verst\u00e4rkte sein Krisenmanagement durch einen erfahrenen Interim-Manager, um methodisches Know-how und effektive Arbeitsstrukturen zu etablieren. Dies f\u00fchrte zu einer klaren Priorisierung der Ma\u00dfnahmen und einer bewussten Rollenverteilung zwischen Business, IT und externen Partnern, wodurch die Krisensituation erfolgreich bew\u00e4ltigt wurde.<\/p><div class=\"uagb-ifb-button-wrapper wp-block-button\"><a href=\"\/index.php\/excelence-consulting\/\" class=\"uagb-infobox-cta-link wp-block-button__link\" target=\"_self\" rel=\"noopener noreferrer\" onclick=\"return true;\"><span class=\"uagb-inline-editing\">Mehr erfahren<\/span><\/a><\/div><\/div><\/div>\n<\/div><\/div>\n<\/div><\/div>\n<\/div><\/div><div class=\"swiper-button-prev\"><\/div><div class=\"swiper-button-next\"><\/div><\/div>\n\n\n\n<div style=\"background-image:url(&apos;https:\/\/digitalloge.com\/wp-content\/uploads\/2025\/02\/2022-Corporate-Momentum22824a.jpg&apos;);background-size:cover;background-attachment:scroll;\" class=\"wp-block-group alignfull is-layout-constrained wp-block-group-is-layout-constrained has-background\" id=\"reviews\">\n<div class=\"wp-block-columns is-layout-flex wp-container-core-columns-is-layout-28f84493 wp-block-columns-is-layout-flex\">\n<div class=\"wp-block-column is-layout-flow wp-block-column-is-layout-flow\" style=\"border-radius:0px;padding-top:var(--wp--preset--spacing--80);padding-bottom:0\">\n<div class=\"wp-block-uagb-container uagb-block-f02b9748 default uagb-is-root-container\">\n<div class=\"wp-block-uagb-advanced-heading uagb-block-ea2275cd\"><h3 class=\"uagb-heading-text\">Wir sind f\u00fcr Sie&nbsp;da.<\/h3><\/div>\n\n\n\n<div class=\"wp-block-uagb-advanced-heading uagb-block-cd2256ce\"><h3 class=\"uagb-heading-text\">Sie haben Fragen? Kontaktieren <br> Sie&nbsp;uns!<br><\/h3><\/div>\n\n\n\n<div class=\"wp-block-uagb-separator uagb-block-676bb17f\"><div class=\"uagb-separator-spacing-wrapper\"><div class=\"wp-block-uagb-separator__inner\" style=\"--my-background-image:\"><\/div><\/div><\/div>\n\n\n\n<p class=\"has-white-color has-text-color has-link-color wp-elements-f5742ccce57f44e1eb32c6c668e8eaaa\" style=\"margin-right:0;margin-left:0;padding-right:var(--wp--preset--spacing--80);padding-left:var(--wp--preset--spacing--70);font-size:13px\">Ihr Unternehmen befasst sich mit Digitalisierungs- und Innovationsthemen und legt dabei Wert auf nachhaltigen Erfolg und dauerhaft gest\u00e4rkte Position im Wettbewerb? Die DigitalLoge ist Ihr strategischer Partner f\u00fcr alle relevanten Themen der Digitalisierung und des IT-Managements.<br>Kontaktieren Sie uns \u2014 kostenlos und unverbindlich!<\/p>\n\n\n\n<div class=\"wp-block-uagb-buttons uagb-buttons__outer-wrap uagb-btn__default-btn uagb-btn-tablet__default-btn uagb-btn-mobile__default-btn uagb-block-e3880784\"><div class=\"uagb-buttons__wrap uagb-buttons-layout-wrap \">\n<div data-aos= \"fade-down\" data-aos-duration=\"400\" data-aos-delay=\"0\" data-aos-easing=\"ease\" data-aos-once=\"true\" class=\"wp-block-uagb-buttons-child uagb-buttons__outer-wrap uagb-block-bdaf0b98 wp-block-button\"><div class=\"uagb-button__wrapper\"><a class=\"uagb-buttons-repeater wp-block-button__link\" aria-label=\"\" href=\"https:\/\/digitalloge.zohobookings.eu\/#\/digitallogegmbh\" rel=\"follow noopener\" target=\"_self\" role=\"button\"><div class=\"uagb-button__link\">Kos\u00adten\u00adfrei\u00ades Erstgespr\u00e4ch<\/div><span class=\"uagb-button__icon uagb-button__icon-position-after\"><svg xmlns=\"https:\/\/www.w3.org\/2000\/svg\" viewBox=\"0 0 448 512\" aria-hidden=\"true\" focussable=\"false\"><path d=\"M438.6 278.6l-160 160C272.4 444.9 264.2 448 256 448s-16.38-3.125-22.62-9.375c-12.5-12.5-12.5-32.75 0-45.25L338.8 288H32C14.33 288 .0016 273.7 .0016 256S14.33 224 32 224h306.8l-105.4-105.4c-12.5-12.5-12.5-32.75 0-45.25s32.75-12.5 45.25 0l160 160C451.1 245.9 451.1 266.1 438.6 278.6z\"><\/path><\/svg><\/span><\/a><\/div><\/div>\n<\/div><\/div>\n<\/div>\n<\/div>\n<\/div>\n<\/div>\n\n\n\n<p><\/p>\n","protected":false},"excerpt":{"rendered":"<p>CoMo Interim Wir sind f\u00fcr Sie&nbsp;da. Sie haben Fragen? Kontaktieren Sie&nbsp;uns! Ihr Unternehmen befasst sich mit Digitalisierungs- und Innovationsthemen und [&hellip;]<\/p>\n","protected":false},"author":1,"featured_media":0,"parent":0,"menu_order":0,"comment_status":"closed","ping_status":"closed","template":"","meta":{"_uag_custom_page_level_css":"","site-sidebar-layout":"default","site-content-layout":"","ast-site-content-layout":"","site-content-style":"default","site-sidebar-style":"default","ast-global-header-display":"","ast-banner-title-visibility":"","ast-main-header-display":"","ast-hfb-above-header-display":"","ast-hfb-below-header-display":"","ast-hfb-mobile-header-display":"","site-post-title":"disabled","ast-breadcrumbs-content":"","ast-featured-img":"","footer-sml-layout":"","ast-disable-related-posts":"","theme-transparent-header-meta":"","adv-header-id-meta":"","stick-header-meta":"","header-above-stick-meta":"","header-main-stick-meta":"","header-below-stick-meta":"","astra-migrate-meta-layouts":"default","ast-page-background-enabled":"default","ast-page-background-meta":{"desktop":{"background-color":"var(--ast-global-color-5)","background-image":"","background-repeat":"repeat","background-position":"center center","background-size":"auto","background-attachment":"scroll","background-type":"","background-media":"","overlay-type":"","overlay-color":"","overlay-opacity":"","overlay-gradient":""},"tablet":{"background-color":"","background-image":"","background-repeat":"repeat","background-position":"center center","background-size":"auto","background-attachment":"scroll","background-type":"","background-media":"","overlay-type":"","overlay-color":"","overlay-opacity":"","overlay-gradient":""},"mobile":{"background-color":"","background-image":"","background-repeat":"repeat","background-position":"center center","background-size":"auto","background-attachment":"scroll","background-type":"","background-media":"","overlay-type":"","overlay-color":"","overlay-opacity":"","overlay-gradient":""}},"ast-content-background-meta":{"desktop":{"background-color":"var(--ast-global-color-4)","background-image":"","background-repeat":"repeat","background-position":"center center","background-size":"auto","background-attachment":"scroll","background-type":"","background-media":"","overlay-type":"","overlay-color":"","overlay-opacity":"","overlay-gradient":""},"tablet":{"background-color":"var(--ast-global-color-4)","background-image":"","background-repeat":"repeat","background-position":"center center","background-size":"auto","background-attachment":"scroll","background-type":"","background-media":"","overlay-type":"","overlay-color":"","overlay-opacity":"","overlay-gradient":""},"mobile":{"background-color":"var(--ast-global-color-4)","background-image":"","background-repeat":"repeat","background-position":"center center","background-size":"auto","background-attachment":"scroll","background-type":"","background-media":"","overlay-type":"","overlay-color":"","overlay-opacity":"","overlay-gradient":""}},"footnotes":""},"class_list":["post-206","page","type-page","status-publish","hentry"],"magazineBlocksPostFeaturedMedia":{"thumbnail":false,"medium":false,"medium_large":false,"large":false,"1536x1536":false,"2048x2048":false},"magazineBlocksPostAuthor":{"name":"admin","avatar":"https:\/\/secure.gravatar.com\/avatar\/f84989d0058aa19702beaaf21600d5689c84bea9534250267e765476a8346305?s=96&d=mm&r=g"},"magazineBlocksPostCommentsNumber":false,"magazineBlocksPostExcerpt":"CoMo Interim Wir sind f\u00fcr Sie&nbsp;da. Sie haben Fragen? Kontaktieren Sie&nbsp;uns! Ihr Unternehmen befasst sich mit Digitalisierungs- und Innovationsthemen und [&hellip;]","magazineBlocksPostCategories":[],"magazineBlocksPostViewCount":0,"magazineBlocksPostReadTime":4,"uagb_featured_image_src":{"full":false,"thumbnail":false,"medium":false,"medium_large":false,"large":false,"1536x1536":false,"2048x2048":false},"uagb_author_info":{"display_name":"admin","author_link":"https:\/\/digitalloge.com\/index.php\/author\/office_tqeq27sq\/"},"uagb_comment_info":0,"uagb_excerpt":"CoMo Interim Wir sind f\u00fcr Sie&nbsp;da. Sie haben Fragen? Kontaktieren Sie&nbsp;uns! Ihr Unternehmen befasst sich mit Digitalisierungs- und Innovationsthemen und [&hellip;]","_links":{"self":[{"href":"https:\/\/digitalloge.com\/index.php\/wp-json\/wp\/v2\/pages\/206","targetHints":{"allow":["GET"]}}],"collection":[{"href":"https:\/\/digitalloge.com\/index.php\/wp-json\/wp\/v2\/pages"}],"about":[{"href":"https:\/\/digitalloge.com\/index.php\/wp-json\/wp\/v2\/types\/page"}],"author":[{"embeddable":true,"href":"https:\/\/digitalloge.com\/index.php\/wp-json\/wp\/v2\/users\/1"}],"replies":[{"embeddable":true,"href":"https:\/\/digitalloge.com\/index.php\/wp-json\/wp\/v2\/comments?post=206"}],"version-history":[{"count":37,"href":"https:\/\/digitalloge.com\/index.php\/wp-json\/wp\/v2\/pages\/206\/revisions"}],"predecessor-version":[{"id":925,"href":"https:\/\/digitalloge.com\/index.php\/wp-json\/wp\/v2\/pages\/206\/revisions\/925"}],"wp:attachment":[{"href":"https:\/\/digitalloge.com\/index.php\/wp-json\/wp\/v2\/media?parent=206"}],"curies":[{"name":"wp","href":"https:\/\/api.w.org\/{rel}","templated":true}]}}