{"id":210,"date":"2025-02-26T13:38:56","date_gmt":"2025-02-26T13:38:56","guid":{"rendered":"https:\/\/test.digitalloge.com\/?page_id=210"},"modified":"2025-04-09T15:29:08","modified_gmt":"2025-04-09T15:29:08","slug":"c-lvl","status":"publish","type":"page","link":"https:\/\/digitalloge.com\/index.php\/c-lvl\/","title":{"rendered":"C-lvl-group- DiLo C-Level Interim Management"},"content":{"rendered":"\n<div class=\"wp-block-uagb-container uagb-block-aue70fe6 alignfull uagb-is-root-container\">\n<div class=\"wp-block-uagb-info-box uagb-block-s6xuduzj uagb-infobox__content-wrap  uagb-infobox-icon-above-title uagb-infobox-image-valign-top\"><div class=\"uagb-ifb-content\"><div class=\"uagb-ifb-title-wrap\"><h1 class=\"uagb-ifb-title\">C-Level Interim Management<\/h1><\/div><\/div><\/div>\n<\/div>\n\n\n\n<div class=\"wp-block-uagb-container uag-hide-tab uag-hide-mob uagb-block-jnrbmasg alignfull uagb-is-root-container\"><div class=\"uagb-container-inner-blocks-wrap\">\n<div class=\"wp-block-uagb-info-box uagb-block-h2edgz4b uagb-infobox__content-wrap  uagb-infobox-icon-above-title uagb-infobox-image-valign-top\"><div class=\"uagb-ifb-content\"><div class=\"uagb-ifb-title-wrap\"><h1 class=\"uagb-ifb-title\"><strong>Executive Engagement &#8211; C-Level Unterst\u00fctzung f\u00fcr Ihren Gesch\u00e4ftserfolg<\/strong>  <\/h1><\/div><div class=\"uagb-ifb-separator\"><\/div><p class=\"uagb-ifb-desc\"><br><\/p><\/div><\/div>\n\n\n\n<div class=\"wp-block-uagb-buttons uagb-buttons__outer-wrap uagb-btn__default-btn uagb-btn-tablet__default-btn uagb-btn-mobile__default-btn uagb-block-airquyfs\"><div class=\"uagb-buttons__wrap uagb-buttons-layout-wrap \">\n<div class=\"wp-block-uagb-buttons-child uagb-buttons__outer-wrap uagb-block-g7wyentd wp-block-button\"><div class=\"uagb-button__wrapper\"><a class=\"uagb-buttons-repeater wp-block-button__link\" aria-label=\"\" href=\"https:\/\/digitalloge.zohobookings.eu\/#\/digitallogegmbh\" rel=\"follow noopener\" target=\"_blank\" role=\"button\"><div class=\"uagb-button__link\">Kostenfreies Erstgespr\u00e4ch buchen<\/div><\/a><\/div><\/div>\n<\/div><\/div>\n<\/div><\/div>\n\n\n\n<div class=\"wp-block-uagb-container uag-hide-desktop uag-hide-mob uagb-block-0b3911c7 alignfull uagb-is-root-container\"><div class=\"uagb-container-inner-blocks-wrap\">\n<div class=\"wp-block-uagb-info-box uagb-block-f90d49fb uagb-infobox__content-wrap  uagb-infobox-icon-above-title uagb-infobox-image-valign-top\"><div class=\"uagb-ifb-content\"><div class=\"uagb-ifb-title-wrap\"><h1 class=\"uagb-ifb-title\"><strong>Executive Engagement &#8211; C-Level Unterst\u00fctzung f\u00fcr Ihren Gesch\u00e4ftserfolg<\/strong>  <\/h1><\/div><div class=\"uagb-ifb-separator\"><\/div><p class=\"uagb-ifb-desc\"><br><\/p><\/div><\/div>\n\n\n\n<div class=\"wp-block-uagb-buttons uagb-buttons__outer-wrap uagb-btn__default-btn uagb-btn-tablet__default-btn uagb-btn-mobile__default-btn uagb-block-48786f70\"><div class=\"uagb-buttons__wrap uagb-buttons-layout-wrap \">\n<div class=\"wp-block-uagb-buttons-child uagb-buttons__outer-wrap uagb-block-93b98d7f wp-block-button\"><div class=\"uagb-button__wrapper\"><a class=\"uagb-buttons-repeater wp-block-button__link\" aria-label=\"\" href=\"https:\/\/digitalloge.zohobookings.eu\/#\/digitallogegmbh\" rel=\"follow noopener\" target=\"_blank\" role=\"button\"><div class=\"uagb-button__link\">Kostenfreies Erstgespr\u00e4ch buchen<\/div><\/a><\/div><\/div>\n<\/div><\/div>\n<\/div><\/div>\n\n\n\n<div class=\"wp-block-uagb-container uag-hide-desktop uag-hide-tab uagb-layout-flex uagb-block-bdg15cwk alignfull uagb-is-root-container\"><div class=\"uagb-container-inner-blocks-wrap\">\n<div class=\"wp-block-uagb-container uagb-block-f0e36bd1\">\n<div class=\"wp-block-uagb-info-box uagb-block-1d4c2806 uagb-infobox__content-wrap  uagb-infobox-icon-above-title uagb-infobox-image-valign-top wp-block-uagb-info-box--has-margin text-alignment-with-picture\"><div class=\"uagb-infobox-margin-wrapper\"><div class=\"uagb-ifb-content\"><div class=\"uagb-ifb-title-wrap\"><h1 class=\"uagb-ifb-title\"><strong>Executive Engagement &#8211; C-Level Unterst\u00fctzung f\u00fcr Ihren Gesch\u00e4ftserfolg<\/strong>                             <\/h1><\/div><div class=\"uagb-ifb-separator\"><\/div><\/div><\/div><\/div>\n\n\n\n<div class=\"wp-block-uagb-buttons uagb-buttons__outer-wrap uagb-btn__default-btn uagb-btn-tablet__default-btn uagb-btn-mobile__default-btn uagb-block-d02f5ded\"><div class=\"uagb-buttons__wrap uagb-buttons-layout-wrap \">\n<div class=\"wp-block-uagb-buttons-child uagb-buttons__outer-wrap uagb-block-8bf0e2ed wp-block-button\"><div class=\"uagb-button__wrapper\"><a class=\"uagb-buttons-repeater wp-block-button__link\" aria-label=\"\" href=\"https:\/\/digitalloge.zohobookings.eu\/#\/digitallogegmbh\" rel=\"follow noopener\" target=\"_blank\" role=\"button\"><div class=\"uagb-button__link\">Kostenfreies Erstgespr\u00e4ch buchen<\/div><\/a><\/div><\/div>\n<\/div><\/div>\n<\/div>\n<\/div><\/div>\n\n\n\n<div class=\"wp-block-uagb-container uagb-block-q3tx5hk0 alignfull uagb-is-root-container\"><div class=\"uagb-container-inner-blocks-wrap\">\n<div class=\"wp-block-columns is-layout-flex wp-container-core-columns-is-layout-28f84493 wp-block-columns-is-layout-flex\">\n<div class=\"wp-block-column is-layout-flow wp-block-column-is-layout-flow\">\n<div class=\"wp-block-uagb-image alignleft uagb-block-fqrskfuu wp-block-uagb-image--layout-default wp-block-uagb-image--effect-static wp-block-uagb-image--align-left\"><figure class=\"wp-block-uagb-image__figure\"><img decoding=\"async\" srcset=\"https:\/\/corporate-momentum-group.com\/wp-content\/uploads\/2024\/12\/2022-Corporate-Momentum22698-1-e1734432240849-768x1024.jpg ,https:\/\/corporate-momentum-group.com\/wp-content\/uploads\/2024\/12\/2022-Corporate-Momentum22698-1-e1734432240849.jpg 780w, https:\/\/corporate-momentum-group.com\/wp-content\/uploads\/2024\/12\/2022-Corporate-Momentum22698-1-e1734432240849.jpg 360w\" sizes=\"auto, (max-width: 480px) 150px\" src=\"https:\/\/corporate-momentum-group.com\/wp-content\/uploads\/2024\/12\/2022-Corporate-Momentum22698-1-e1734432240849-768x1024.jpg\" alt=\"\" class=\"uag-image-4461\" width=\"564\" height=\"600\" title=\"2022 Corporate Momentum22698\" loading=\"lazy\" role=\"img\"\/><\/figure><\/div>\n<\/div>\n\n\n\n<div class=\"wp-block-column is-layout-flow wp-block-column-is-layout-flow\">\n<div class=\"wp-block-uagb-container uagb-block-7aee0133 alignfull uagb-is-root-container\"><div class=\"uagb-container-inner-blocks-wrap\">\n<div class=\"wp-block-uagb-info-box uagb-block-d0e93733 uagb-infobox__content-wrap  uagb-infobox-icon-above-title uagb-infobox-image-valign-top wp-block-uagb-info-box--has-margin\"><div class=\"uagb-infobox-margin-wrapper\"><div class=\"uagb-ifb-content\"><div class=\"uagb-ifb-title-wrap\"><p class=\"uagb-ifb-title-prefix\">Ein exklusiver Kreis von Executives<\/p><h2 class=\"uagb-ifb-title\">Ob IT, Digitalisierung, Finanzwesen oder HR- der richtige Experte f\u00fcr Ihren Erfolg<\/h2><\/div><div class=\"uagb-ifb-separator\"><\/div><\/div><\/div><\/div>\n\n\n\n<p>Die Herausforderungen, vor denen Unternehmen heute stehen, sind vielf\u00e4ltig. Neue Rahmenbedingungen wie die Digitalisierung oder neue Markt-Wettbewerber stellen Unternehmen vor herausfordernde Projekte. Die Abwicklung dieser Projekte verlangt eine durchdachte Vorgehensweise. Erfahrung mit vergleichbaren Projekten, Kenntnis des Projektplans und genaue Vorstellungen vom eigenen Budget sind nur einige der Fragen, die es im Vorfeld zu kl\u00e4ren gilt. Unternehmen ben\u00f6tigen oft externe Unterst\u00fctzung, um ihre internen Prozesse zu optimieren und Schwachstellen zu ermitteln und zu beheben. Die Digitalisierung stellt viele Unternehmen vor Herausforderungen, wie z.B. die Anpassung an neue Technologien und die Integration von neuen Prozessen.<\/p>\n<\/div><\/div>\n<\/div>\n<\/div>\n<\/div><\/div>\n\n\n\n<div class=\"wp-block-uagb-container uagb-block-6velgqpd alignfull uagb-is-root-container\"><div class=\"uagb-container-inner-blocks-wrap\">\n<div class=\"wp-block-columns is-layout-flex wp-container-core-columns-is-layout-28f84493 wp-block-columns-is-layout-flex\">\n<div class=\"wp-block-column is-layout-flow wp-block-column-is-layout-flow\">\n<div class=\"wp-block-uagb-container uagb-block-qhkvbdbp alignfull uagb-is-root-container\"><div class=\"uagb-container-inner-blocks-wrap\">\n<div class=\"wp-block-uagb-info-box uagb-block-5p02kdfi uagb-infobox__content-wrap  uagb-infobox-icon-above-title uagb-infobox-image-valign-top wp-block-uagb-info-box--has-margin\"><div class=\"uagb-infobox-margin-wrapper\"><div class=\"uagb-ifb-content\"><div class=\"uagb-ifb-title-wrap\"><p class=\"uagb-ifb-title-prefix\">Der geschulte Blick von au\u00dfen<\/p><h2 class=\"uagb-ifb-title\"><strong>L\u00f6sungsans\u00e4tze der DigitalLoge<\/strong><\/h2><\/div><div class=\"uagb-ifb-separator\"><\/div><\/div><\/div><\/div>\n\n\n\n<p>Unsere C-Level Interim-Manager verf\u00fcgen \u00fcber langj\u00e4hrige Erfahrung in vergleichbaren T\u00e4tigkeiten auf C-Level. Wir bieten eine umfassende Unterst\u00fctzung in den Bereichen Digitalisierung, Innovation und Software, IT-Management und Methoden, Business Process Management und mehr. Unsere erfahrenen Interims- und Projektmanager sind gerne f\u00fcr Sie da, um Ihre Unterst\u00fctzungsbed\u00fcrfnisse zu erf\u00fcllen. Wir bieten eine schnelle Umsetzung dank langj\u00e4hriger Erfahrung und fundierter Branchenkenntnisse in der Digitalisierung. Unsere Experten haben umfassende Erfahrung in allen wichtigen Aufgabenbereichen der Digitalisierung und der Unternehmens-IT. Kontaktieren Sie uns gerne noch heute und erfahren Sie, wie Sie konkret von der Interims- und Projektmanagement-Beratung der DigitalLoge profitieren k\u00f6nnen. Wir bieten ein kostenloses Erstgespr\u00e4ch an, um Ihre Bed\u00fcrfnisse und Herausforderungen zu besprechen und gemeinsam eine L\u00f6sung zu finden.<\/p>\n<\/div><\/div>\n<\/div>\n\n\n\n<div class=\"wp-block-column is-layout-flow wp-block-column-is-layout-flow\">\n<div class=\"wp-block-uagb-image alignleft uagb-block-isnzgyit wp-block-uagb-image--layout-default wp-block-uagb-image--effect-static wp-block-uagb-image--align-left\"><figure class=\"wp-block-uagb-image__figure\"><img decoding=\"async\" srcset=\"https:\/\/corporate-momentum-group.com\/wp-content\/uploads\/2024\/12\/iStock-615524918_L-8-1024x683.jpg ,https:\/\/corporate-momentum-group.com\/wp-content\/uploads\/2024\/12\/iStock-615524918_L-8.jpg 780w, https:\/\/corporate-momentum-group.com\/wp-content\/uploads\/2024\/12\/iStock-615524918_L-8.jpg 360w\" sizes=\"auto, (max-width: 480px) 150px\" src=\"https:\/\/corporate-momentum-group.com\/wp-content\/uploads\/2024\/12\/iStock-615524918_L-8-1024x683.jpg\" alt=\"\" class=\"uag-image-4541\" width=\"564\" height=\"600\" title=\"Winner\" loading=\"lazy\" role=\"img\"\/><\/figure><\/div>\n<\/div>\n<\/div>\n<\/div><\/div>\n\n\n\n<div style=\"background-image:url(&apos;https:\/\/digitalloge.com\/wp-content\/uploads\/2025\/02\/2022-Corporate-Momentum22824a.jpg&apos;);background-size:cover;background-attachment:scroll;\" class=\"wp-block-group alignfull is-layout-constrained wp-block-group-is-layout-constrained has-background\" id=\"reviews\">\n<div class=\"wp-block-columns is-layout-flex wp-container-core-columns-is-layout-28f84493 wp-block-columns-is-layout-flex\">\n<div class=\"wp-block-column is-layout-flow wp-block-column-is-layout-flow\" style=\"border-radius:0px;padding-top:var(--wp--preset--spacing--80);padding-bottom:0\">\n<div class=\"wp-block-uagb-container uagb-block-f02b9748 default uagb-is-root-container\">\n<div class=\"wp-block-uagb-advanced-heading uagb-block-ea2275cd\"><h3 class=\"uagb-heading-text\">Wir sind f\u00fcr Sie&nbsp;da.<\/h3><\/div>\n\n\n\n<div class=\"wp-block-uagb-advanced-heading uagb-block-cd2256ce\"><h3 class=\"uagb-heading-text\">Sie haben Fragen? Kontaktieren <br> Sie&nbsp;uns!<br><\/h3><\/div>\n\n\n\n<div class=\"wp-block-uagb-separator uagb-block-676bb17f\"><div class=\"uagb-separator-spacing-wrapper\"><div class=\"wp-block-uagb-separator__inner\" style=\"--my-background-image:\"><\/div><\/div><\/div>\n\n\n\n<p class=\"has-white-color has-text-color has-link-color wp-elements-f5742ccce57f44e1eb32c6c668e8eaaa\" style=\"margin-right:0;margin-left:0;padding-right:var(--wp--preset--spacing--80);padding-left:var(--wp--preset--spacing--70);font-size:13px\">Ihr Unternehmen befasst sich mit Digitalisierungs- und Innovationsthemen und legt dabei Wert auf nachhaltigen Erfolg und dauerhaft gest\u00e4rkte Position im Wettbewerb? Die DigitalLoge ist Ihr strategischer Partner f\u00fcr alle relevanten Themen der Digitalisierung und des IT-Managements.<br>Kontaktieren Sie uns \u2014 kostenlos und unverbindlich!<\/p>\n\n\n\n<div class=\"wp-block-uagb-buttons uagb-buttons__outer-wrap uagb-btn__default-btn uagb-btn-tablet__default-btn uagb-btn-mobile__default-btn uagb-block-e3880784\"><div class=\"uagb-buttons__wrap uagb-buttons-layout-wrap \">\n<div data-aos= \"fade-down\" data-aos-duration=\"400\" data-aos-delay=\"0\" data-aos-easing=\"ease\" data-aos-once=\"true\" class=\"wp-block-uagb-buttons-child uagb-buttons__outer-wrap uagb-block-bdaf0b98 wp-block-button\"><div class=\"uagb-button__wrapper\"><a class=\"uagb-buttons-repeater wp-block-button__link\" aria-label=\"\" href=\"https:\/\/digitalloge.zohobookings.eu\/#\/digitallogegmbh\" rel=\"follow noopener\" target=\"_self\" role=\"button\"><div class=\"uagb-button__link\">Kos\u00adten\u00adfrei\u00ades Erstgespr\u00e4ch<\/div><span class=\"uagb-button__icon uagb-button__icon-position-after\"><svg xmlns=\"https:\/\/www.w3.org\/2000\/svg\" viewBox=\"0 0 448 512\" aria-hidden=\"true\" focussable=\"false\"><path d=\"M438.6 278.6l-160 160C272.4 444.9 264.2 448 256 448s-16.38-3.125-22.62-9.375c-12.5-12.5-12.5-32.75 0-45.25L338.8 288H32C14.33 288 .0016 273.7 .0016 256S14.33 224 32 224h306.8l-105.4-105.4c-12.5-12.5-12.5-32.75 0-45.25s32.75-12.5 45.25 0l160 160C451.1 245.9 451.1 266.1 438.6 278.6z\"><\/path><\/svg><\/span><\/a><\/div><\/div>\n<\/div><\/div>\n<\/div>\n<\/div>\n<\/div>\n<\/div>\n","protected":false},"excerpt":{"rendered":"<p>Die Herausforderungen, vor denen Unternehmen heute stehen, sind vielf\u00e4ltig. Neue Rahmenbedingungen wie die Digitalisierung oder neue Markt-Wettbewerber stellen Unternehmen vor [&hellip;]<\/p>\n","protected":false},"author":1,"featured_media":0,"parent":0,"menu_order":0,"comment_status":"closed","ping_status":"closed","template":"","meta":{"_uag_custom_page_level_css":"","site-sidebar-layout":"default","site-content-layout":"","ast-site-content-layout":"","site-content-style":"default","site-sidebar-style":"default","ast-global-header-display":"","ast-banner-title-visibility":"","ast-main-header-display":"","ast-hfb-above-header-display":"","ast-hfb-below-header-display":"","ast-hfb-mobile-header-display":"","site-post-title":"disabled","ast-breadcrumbs-content":"","ast-featured-img":"","footer-sml-layout":"","ast-disable-related-posts":"","theme-transparent-header-meta":"","adv-header-id-meta":"","stick-header-meta":"","header-above-stick-meta":"","header-main-stick-meta":"","header-below-stick-meta":"","astra-migrate-meta-layouts":"default","ast-page-background-enabled":"default","ast-page-background-meta":{"desktop":{"background-color":"var(--ast-global-color-5)","background-image":"","background-repeat":"repeat","background-position":"center center","background-size":"auto","background-attachment":"scroll","background-type":"","background-media":"","overlay-type":"","overlay-color":"","overlay-opacity":"","overlay-gradient":""},"tablet":{"background-color":"","background-image":"","background-repeat":"repeat","background-position":"center center","background-size":"auto","background-attachment":"scroll","background-type":"","background-media":"","overlay-type":"","overlay-color":"","overlay-opacity":"","overlay-gradient":""},"mobile":{"background-color":"","background-image":"","background-repeat":"repeat","background-position":"center center","background-size":"auto","background-attachment":"scroll","background-type":"","background-media":"","overlay-type":"","overlay-color":"","overlay-opacity":"","overlay-gradient":""}},"ast-content-background-meta":{"desktop":{"background-color":"var(--ast-global-color-4)","background-image":"","background-repeat":"repeat","background-position":"center center","background-size":"auto","background-attachment":"scroll","background-type":"","background-media":"","overlay-type":"","overlay-color":"","overlay-opacity":"","overlay-gradient":""},"tablet":{"background-color":"var(--ast-global-color-4)","background-image":"","background-repeat":"repeat","background-position":"center center","background-size":"auto","background-attachment":"scroll","background-type":"","background-media":"","overlay-type":"","overlay-color":"","overlay-opacity":"","overlay-gradient":""},"mobile":{"background-color":"var(--ast-global-color-4)","background-image":"","background-repeat":"repeat","background-position":"center center","background-size":"auto","background-attachment":"scroll","background-type":"","background-media":"","overlay-type":"","overlay-color":"","overlay-opacity":"","overlay-gradient":""}},"footnotes":""},"class_list":["post-210","page","type-page","status-publish","hentry"],"magazineBlocksPostFeaturedMedia":{"thumbnail":false,"medium":false,"medium_large":false,"large":false,"1536x1536":false,"2048x2048":false},"magazineBlocksPostAuthor":{"name":"admin","avatar":"https:\/\/secure.gravatar.com\/avatar\/f84989d0058aa19702beaaf21600d5689c84bea9534250267e765476a8346305?s=96&d=mm&r=g"},"magazineBlocksPostCommentsNumber":false,"magazineBlocksPostExcerpt":"Die Herausforderungen, vor denen Unternehmen heute stehen, sind vielf\u00e4ltig. Neue Rahmenbedingungen wie die Digitalisierung oder neue Markt-Wettbewerber stellen Unternehmen vor [&hellip;]","magazineBlocksPostCategories":[],"magazineBlocksPostViewCount":0,"magazineBlocksPostReadTime":2,"uagb_featured_image_src":{"full":false,"thumbnail":false,"medium":false,"medium_large":false,"large":false,"1536x1536":false,"2048x2048":false},"uagb_author_info":{"display_name":"admin","author_link":"https:\/\/digitalloge.com\/index.php\/author\/office_tqeq27sq\/"},"uagb_comment_info":0,"uagb_excerpt":"Die Herausforderungen, vor denen Unternehmen heute stehen, sind vielf\u00e4ltig. Neue Rahmenbedingungen wie die Digitalisierung oder neue Markt-Wettbewerber stellen Unternehmen vor [&hellip;]","_links":{"self":[{"href":"https:\/\/digitalloge.com\/index.php\/wp-json\/wp\/v2\/pages\/210","targetHints":{"allow":["GET"]}}],"collection":[{"href":"https:\/\/digitalloge.com\/index.php\/wp-json\/wp\/v2\/pages"}],"about":[{"href":"https:\/\/digitalloge.com\/index.php\/wp-json\/wp\/v2\/types\/page"}],"author":[{"embeddable":true,"href":"https:\/\/digitalloge.com\/index.php\/wp-json\/wp\/v2\/users\/1"}],"replies":[{"embeddable":true,"href":"https:\/\/digitalloge.com\/index.php\/wp-json\/wp\/v2\/comments?post=210"}],"version-history":[{"count":15,"href":"https:\/\/digitalloge.com\/index.php\/wp-json\/wp\/v2\/pages\/210\/revisions"}],"predecessor-version":[{"id":854,"href":"https:\/\/digitalloge.com\/index.php\/wp-json\/wp\/v2\/pages\/210\/revisions\/854"}],"wp:attachment":[{"href":"https:\/\/digitalloge.com\/index.php\/wp-json\/wp\/v2\/media?parent=210"}],"curies":[{"name":"wp","href":"https:\/\/api.w.org\/{rel}","templated":true}]}}