{"id":212,"date":"2025-02-26T13:39:33","date_gmt":"2025-02-26T13:39:33","guid":{"rendered":"https:\/\/test.digitalloge.com\/?page_id=212"},"modified":"2025-03-12T07:45:10","modified_gmt":"2025-03-12T07:45:10","slug":"cio","status":"publish","type":"page","link":"https:\/\/digitalloge.com\/index.php\/cio\/","title":{"rendered":"CIO-group->cio dilo"},"content":{"rendered":"\n<div class=\"wp-block-uagb-container uagb-block-aue70fe6 alignfull uagb-is-root-container\">\n<div class=\"wp-block-uagb-info-box uagb-block-s6xuduzj uagb-infobox__content-wrap  uagb-infobox-icon-above-title uagb-infobox-image-valign-top\"><div class=\"uagb-ifb-content\"><div class=\"uagb-ifb-title-wrap\"><h1 class=\"uagb-ifb-title\">CIO as a Service<\/h1><\/div><\/div><\/div>\n<\/div>\n\n\n\n<div class=\"wp-block-uagb-container uagb-layout-grid uagb-block-bdg15cwk alignfull uagb-is-root-container\"><div class=\"uagb-container-inner-blocks-wrap\">\n<div class=\"wp-block-uagb-container uagb-block-jnrbmasg\">\n<div class=\"wp-block-uagb-info-box uagb-block-h2edgz4b uagb-infobox__content-wrap  uagb-infobox-icon-above-title uagb-infobox-image-valign-top\"><div class=\"uagb-ifb-content\"><div class=\"uagb-ifb-title-wrap\"><h1 class=\"uagb-ifb-title\">Unsere CIO-Berater entwickeln und implementieren eine IT-Strategie, die auf Ihre Gesch\u00e4ftsziele zugeschnitten ist und Ihre Organisation unterst\u00fctzt.<\/h1><\/div><div class=\"uagb-ifb-separator\"><\/div><p class=\"uagb-ifb-desc\"><br><\/p><\/div><\/div>\n\n\n\n<div class=\"wp-block-uagb-buttons uagb-buttons__outer-wrap uagb-btn__default-btn uagb-btn-tablet__default-btn uagb-btn-mobile__default-btn uagb-block-airquyfs\"><div class=\"uagb-buttons__wrap uagb-buttons-layout-wrap \">\n<div class=\"wp-block-uagb-buttons-child uagb-buttons__outer-wrap uagb-block-g7wyentd wp-block-button\"><div class=\"uagb-button__wrapper\"><a class=\"uagb-buttons-repeater wp-block-button__link\" aria-label=\"\" href=\"https:\/\/digitalloge.zohobookings.eu\/#\/digitallogegmbh\" rel=\"follow noopener\" target=\"_blank\" role=\"button\"><div class=\"uagb-button__link\">Kostenfreies Erstgespr\u00e4ch buchen<\/div><\/a><\/div><\/div>\n<\/div><\/div>\n<\/div>\n<\/div><\/div>\n\n\n\n<div class=\"wp-block-uagb-container uagb-block-q3tx5hk0 alignfull uagb-is-root-container\"><div class=\"uagb-container-inner-blocks-wrap\">\n<div class=\"wp-block-columns is-layout-flex wp-container-core-columns-is-layout-28f84493 wp-block-columns-is-layout-flex\">\n<div class=\"wp-block-column is-layout-flow wp-block-column-is-layout-flow\">\n<div class=\"wp-block-uagb-image alignleft uagb-block-fqrskfuu wp-block-uagb-image--layout-default wp-block-uagb-image--effect-static wp-block-uagb-image--align-left\"><figure class=\"wp-block-uagb-image__figure\"><img decoding=\"async\" srcset=\"https:\/\/digitalloge.com\/wp-content\/uploads\/2025\/02\/RZ7_6127-1024x682.jpg ,https:\/\/digitalloge.com\/wp-content\/uploads\/2025\/02\/RZ7_6127.jpg 780w, https:\/\/digitalloge.com\/wp-content\/uploads\/2025\/02\/RZ7_6127.jpg 360w\" sizes=\"auto, (max-width: 480px) 150px\" src=\"https:\/\/digitalloge.com\/wp-content\/uploads\/2025\/02\/RZ7_6127-1024x682.jpg\" alt=\"\" class=\"uag-image-119\" width=\"581\" height=\"600\" title=\"RZ7_6127\" loading=\"lazy\" role=\"img\"\/><\/figure><\/div>\n<\/div>\n\n\n\n<div class=\"wp-block-column is-layout-flow wp-block-column-is-layout-flow\">\n<div class=\"wp-block-uagb-container uagb-block-b66452d1 default uagb-is-root-container\">\n<div class=\"wp-block-uagb-info-box uagb-block-b55751b5 uagb-infobox__content-wrap  uagb-infobox-icon-above-title uagb-infobox-image-valign-top wp-block-uagb-info-box--has-margin\"><div class=\"uagb-infobox-margin-wrapper\"><div class=\"uagb-ifb-content\"><div class=\"uagb-ifb-title-wrap\"><p class=\"uagb-ifb-title-prefix\">zuverl\u00e4ssige Partner an Ihrer Seite<\/p><h2 class=\"uagb-ifb-title\">Genau abgestimmt auf Ihre Herausforderungen<\/h2><\/div><div class=\"uagb-ifb-separator\"><\/div><\/div><\/div><\/div>\n\n\n\n<p>CIO as a Service&nbsp;bedeutet die bedarfsgerechte \u00dcbernahme wichtiger CIO-Aufgaben aus einer Hand. Nicht jedes Unternehmen ben\u00f6tigt eine Vollzeit-Unterst\u00fctzung in der CIO-Rolle, oft ist es hilfreich, die entscheidenden Themen zu erkennen und die richtige Auswahl von Ma\u00dfnahmen anzugehen. Die Expertise des CIO wird dabei passgenau auf Ihre Anforderungen abgestimmt. CIO as a Service kann als Ad-hoc-Unterst\u00fctzung organisiert werden, Ihr Unternehmen in einer Ver\u00e4nderungsphase verst\u00e4rken oder Ihre Linienorganisation f\u00fcr einen l\u00e4ngeren Zeitraum begleiten. Wir haben mit einer Unterst\u00fctzung von 1 bis 3 Tagen pro Woche im eingeschwungenen Zustand gute Erfahrungen gemacht.<\/p>\n\n\n\n<p>Gerne \u00fcbernehmen wir von der DigitalLoge die Rolle eines CIO mit allen wichtigen Aufgabenbereichen. Ganz gleich, ob es um die Erarbeitung einer IT-Strategie, das IT-Kostenmanagement oder um \u00fcbergreifende Herausforderungen wie die&nbsp;Digitalisierung&nbsp;Ihres Unternehmens geht: Gerne erweitern wir Ihr Team als erfahrene Spezialisten von&nbsp;au\u00dfen.<\/p>\n<\/div>\n<\/div>\n<\/div>\n<\/div><\/div>\n\n\n\n<div class=\"wp-block-uagb-container uagb-block-6velgqpd alignfull uagb-is-root-container\"><div class=\"uagb-container-inner-blocks-wrap\">\n<div class=\"wp-block-columns is-layout-flex wp-container-core-columns-is-layout-28f84493 wp-block-columns-is-layout-flex\">\n<div class=\"wp-block-column is-layout-flow wp-block-column-is-layout-flow\">\n<div class=\"wp-block-uagb-container uagb-block-qhkvbdbp alignfull uagb-is-root-container\"><div class=\"uagb-container-inner-blocks-wrap\">\n<div class=\"wp-block-uagb-info-box uagb-block-5p02kdfi uagb-infobox__content-wrap  uagb-infobox-icon-above-title uagb-infobox-image-valign-top wp-block-uagb-info-box--has-margin\"><div class=\"uagb-infobox-margin-wrapper\"><div class=\"uagb-ifb-content\"><div class=\"uagb-ifb-title-wrap\"><p class=\"uagb-ifb-title-prefix\">Bedarfsgerechte \u00dcbernahme wichtiger CIO-Aufgaben<\/p><h2 class=\"uagb-ifb-title\">Stellenwert einer leistungsstarken&nbsp;IT<\/h2><\/div><div class=\"uagb-ifb-separator\"><\/div><\/div><\/div><\/div>\n\n\n\n<p>Nahezu jedes moderne Unternehmen bedarf einer zuverl\u00e4ssigen und zukunftssicheren IT. Die&nbsp;Digitalisierung&nbsp;hat einen zunehmenden strategischen und operativen Stellenwert. Die erfolgreiche Umsetzung von Digitalisierungsthemen wird mittlerweile von Kunden vorausgesetzt und ist notwendig f\u00fcr eine dauerhafte Wettbewerbsf\u00e4higkeit.<\/p>\n\n\n\n<p><br>Das Managen der Digitalisierungsvorhaben geht mit Aufgaben und Anforderungen einher, die oftmals \u00fcber das regul\u00e4re Tagesgesch\u00e4ft und die bekannten Arbeitsinhalte des Unternehmens hinausgehen. Dies kann in manchen Situationen dazu f\u00fchren, dass die Ressourcen oder auch die Erfahrung des internen Personals an Grenzen sto\u00dfen<\/p>\n<\/div><\/div>\n<\/div>\n\n\n\n<div class=\"wp-block-column is-layout-flow wp-block-column-is-layout-flow\">\n<div class=\"wp-block-uagb-image alignleft uagb-block-isnzgyit wp-block-uagb-image--layout-default wp-block-uagb-image--effect-static wp-block-uagb-image--align-left\"><figure class=\"wp-block-uagb-image__figure\"><img decoding=\"async\" srcset=\"https:\/\/corporate-momentum-group.com\/wp-content\/uploads\/2024\/12\/iStock-615524918_L-9-1024x683.jpg ,https:\/\/corporate-momentum-group.com\/wp-content\/uploads\/2024\/12\/iStock-615524918_L-9.jpg 780w, https:\/\/corporate-momentum-group.com\/wp-content\/uploads\/2024\/12\/iStock-615524918_L-9.jpg 360w\" sizes=\"auto, (max-width: 480px) 150px\" src=\"https:\/\/corporate-momentum-group.com\/wp-content\/uploads\/2024\/12\/iStock-615524918_L-9-1024x683.jpg\" alt=\"\" class=\"uag-image-4543\" width=\"564\" height=\"600\" title=\"Winner\" loading=\"lazy\" role=\"img\"\/><\/figure><\/div>\n<\/div>\n<\/div>\n<\/div><\/div>\n\n\n\n<div class=\"wp-block-uagb-container uagb-block-f8e1fc09 alignfull uagb-is-root-container\"><div class=\"uagb-container-inner-blocks-wrap\">\n<div class=\"wp-block-columns is-layout-flex wp-container-core-columns-is-layout-28f84493 wp-block-columns-is-layout-flex\">\n<div class=\"wp-block-column is-layout-flow wp-block-column-is-layout-flow\">\n<div class=\"wp-block-uagb-image alignleft uagb-block-8e04ac6a wp-block-uagb-image--layout-default wp-block-uagb-image--effect-static wp-block-uagb-image--align-left\"><figure class=\"wp-block-uagb-image__figure\"><img decoding=\"async\" srcset=\"https:\/\/digitalloge.com\/wp-content\/uploads\/2025\/02\/RZ7_6127-1024x682.jpg ,https:\/\/digitalloge.com\/wp-content\/uploads\/2025\/02\/RZ7_6127.jpg 780w, https:\/\/digitalloge.com\/wp-content\/uploads\/2025\/02\/RZ7_6127.jpg 360w\" sizes=\"auto, (max-width: 480px) 150px\" src=\"https:\/\/digitalloge.com\/wp-content\/uploads\/2025\/02\/RZ7_6127-1024x682.jpg\" alt=\"\" class=\"uag-image-119\" width=\"581\" height=\"600\" title=\"RZ7_6127\" loading=\"lazy\" role=\"img\"\/><\/figure><\/div>\n<\/div>\n\n\n\n<div class=\"wp-block-column is-layout-flow wp-block-column-is-layout-flow\">\n<div class=\"wp-block-uagb-container uagb-block-e44d0862 default uagb-is-root-container\">\n<div class=\"wp-block-uagb-info-box uagb-block-6fb43771 uagb-infobox__content-wrap  uagb-infobox-icon-above-title uagb-infobox-image-valign-top wp-block-uagb-info-box--has-margin\"><div class=\"uagb-infobox-margin-wrapper\"><div class=\"uagb-ifb-content\"><div class=\"uagb-ifb-title-wrap\"><p class=\"uagb-ifb-title-prefix\">zuverl\u00e4ssige Partner an Ihrer Seite<\/p><h2 class=\"uagb-ifb-title\">Unsere L\u00f6sung f\u00fcr Ihren Unternehmenserfolg<\/h2><\/div><div class=\"uagb-ifb-separator\"><\/div><\/div><\/div><\/div>\n\n\n\n<p>Gerne bieten wir Ihnen Unterst\u00fctzung von au\u00dfen an. Dabei hat die Implementierung und Umsetzung spezifischer Digitalisierungs-Initiativen oberste Priorit\u00e4t, um Ihr Unternehmen sowohl operativ als auch l\u00e4ngerfristig und strategisch zu unterst\u00fctzen.<\/p>\n\n\n\n<p>Erfahrene CIO-Berater verschaffen sich zun\u00e4chst einen \u00dcberblick \u00fcber Ihren Status quo, darunter Ihre IT-Landschaft, Ihre Projekt- und Linienorganisation oder Ihr Operating Model. Davon ausgehend werden Schwachstellen beziehungsweise Pain Points erkannt und L\u00f6sungsvorschl\u00e4ge erarbeitet. Der geschulte Blick von au\u00dfen tr\u00e4gt dazu bei, die IT-Infrastruktur in Einklang mit den Unternehmenszielen zu bringen. Als externer&nbsp;\u201eCIO as a Service\u201c-Anbieter begleiten wir Sie gerne von der Ausgestaltung der IT-Architektur und des Service Portfolios bis zur Feinabstimmung einzelner Unternehmensprozesse. <\/p>\n\n\n\n<p>Z\u00f6gern Sie nicht, uns anzusprechen und erfahren Sie in einem unverbindlichen Erstgespr\u00e4ch, was die Experten der DigitalLoge f\u00fcr Sie und Ihr Unternehmen leisten k\u00f6nnen<\/p>\n<\/div>\n<\/div>\n<\/div>\n<\/div><\/div>\n\n\n\n<div style=\"background-image:url(&apos;https:\/\/digitalloge.com\/wp-content\/uploads\/2025\/02\/2022-Corporate-Momentum22824a.jpg&apos;);background-size:cover;background-attachment:scroll;\" class=\"wp-block-group alignfull is-layout-constrained wp-block-group-is-layout-constrained has-background\" id=\"reviews\">\n<div class=\"wp-block-columns is-layout-flex wp-container-core-columns-is-layout-28f84493 wp-block-columns-is-layout-flex\">\n<div class=\"wp-block-column is-layout-flow wp-block-column-is-layout-flow\" style=\"border-radius:0px;padding-top:var(--wp--preset--spacing--80);padding-bottom:0\">\n<div class=\"wp-block-uagb-container uagb-block-f02b9748 default uagb-is-root-container\">\n<div class=\"wp-block-uagb-advanced-heading uagb-block-ea2275cd\"><h3 class=\"uagb-heading-text\">Wir sind f\u00fcr Sie&nbsp;da.<\/h3><\/div>\n\n\n\n<div class=\"wp-block-uagb-advanced-heading uagb-block-cd2256ce\"><h3 class=\"uagb-heading-text\">Sie haben Fragen? Kontaktieren <br> Sie&nbsp;uns!<br><\/h3><\/div>\n\n\n\n<div class=\"wp-block-uagb-separator uagb-block-676bb17f\"><div class=\"uagb-separator-spacing-wrapper\"><div class=\"wp-block-uagb-separator__inner\" style=\"--my-background-image:\"><\/div><\/div><\/div>\n\n\n\n<p class=\"has-white-color has-text-color has-link-color wp-elements-f5742ccce57f44e1eb32c6c668e8eaaa\" style=\"margin-right:0;margin-left:0;padding-right:var(--wp--preset--spacing--80);padding-left:var(--wp--preset--spacing--70);font-size:13px\">Ihr Unternehmen befasst sich mit Digitalisierungs- und Innovationsthemen und legt dabei Wert auf nachhaltigen Erfolg und dauerhaft gest\u00e4rkte Position im Wettbewerb? Die DigitalLoge ist Ihr strategischer Partner f\u00fcr alle relevanten Themen der Digitalisierung und des IT-Managements.<br>Kontaktieren Sie uns \u2014 kostenlos und unverbindlich!<\/p>\n\n\n\n<div class=\"wp-block-uagb-buttons uagb-buttons__outer-wrap uagb-btn__default-btn uagb-btn-tablet__default-btn uagb-btn-mobile__default-btn uagb-block-e3880784\"><div class=\"uagb-buttons__wrap uagb-buttons-layout-wrap \">\n<div data-aos= \"fade-down\" data-aos-duration=\"400\" data-aos-delay=\"0\" data-aos-easing=\"ease\" data-aos-once=\"true\" class=\"wp-block-uagb-buttons-child uagb-buttons__outer-wrap uagb-block-bdaf0b98 wp-block-button\"><div class=\"uagb-button__wrapper\"><a class=\"uagb-buttons-repeater wp-block-button__link\" aria-label=\"\" href=\"https:\/\/digitalloge.zohobookings.eu\/#\/digitallogegmbh\" rel=\"follow noopener\" target=\"_self\" role=\"button\"><div class=\"uagb-button__link\">Kos\u00adten\u00adfrei\u00ades Erstgespr\u00e4ch<\/div><span class=\"uagb-button__icon uagb-button__icon-position-after\"><svg xmlns=\"https:\/\/www.w3.org\/2000\/svg\" viewBox=\"0 0 448 512\" aria-hidden=\"true\" focussable=\"false\"><path d=\"M438.6 278.6l-160 160C272.4 444.9 264.2 448 256 448s-16.38-3.125-22.62-9.375c-12.5-12.5-12.5-32.75 0-45.25L338.8 288H32C14.33 288 .0016 273.7 .0016 256S14.33 224 32 224h306.8l-105.4-105.4c-12.5-12.5-12.5-32.75 0-45.25s32.75-12.5 45.25 0l160 160C451.1 245.9 451.1 266.1 438.6 278.6z\"><\/path><\/svg><\/span><\/a><\/div><\/div>\n<\/div><\/div>\n<\/div>\n<\/div>\n<\/div>\n<\/div>\n\n\n\n<p><\/p>\n","protected":false},"excerpt":{"rendered":"<p>CIO as a Service&nbsp;bedeutet die bedarfsgerechte \u00dcbernahme wichtiger CIO-Aufgaben aus einer Hand. Nicht jedes Unternehmen ben\u00f6tigt eine Vollzeit-Unterst\u00fctzung in der [&hellip;]<\/p>\n","protected":false},"author":1,"featured_media":0,"parent":0,"menu_order":0,"comment_status":"closed","ping_status":"closed","template":"","meta":{"_uag_custom_page_level_css":"","site-sidebar-layout":"default","site-content-layout":"","ast-site-content-layout":"","site-content-style":"default","site-sidebar-style":"default","ast-global-header-display":"","ast-banner-title-visibility":"","ast-main-header-display":"","ast-hfb-above-header-display":"","ast-hfb-below-header-display":"","ast-hfb-mobile-header-display":"","site-post-title":"disabled","ast-breadcrumbs-content":"","ast-featured-img":"","footer-sml-layout":"","ast-disable-related-posts":"","theme-transparent-header-meta":"","adv-header-id-meta":"","stick-header-meta":"","header-above-stick-meta":"","header-main-stick-meta":"","header-below-stick-meta":"","astra-migrate-meta-layouts":"default","ast-page-background-enabled":"default","ast-page-background-meta":{"desktop":{"background-color":"var(--ast-global-color-5)","background-image":"","background-repeat":"repeat","background-position":"center center","background-size":"auto","background-attachment":"scroll","background-type":"","background-media":"","overlay-type":"","overlay-color":"","overlay-opacity":"","overlay-gradient":""},"tablet":{"background-color":"","background-image":"","background-repeat":"repeat","background-position":"center center","background-size":"auto","background-attachment":"scroll","background-type":"","background-media":"","overlay-type":"","overlay-color":"","overlay-opacity":"","overlay-gradient":""},"mobile":{"background-color":"","background-image":"","background-repeat":"repeat","background-position":"center center","background-size":"auto","background-attachment":"scroll","background-type":"","background-media":"","overlay-type":"","overlay-color":"","overlay-opacity":"","overlay-gradient":""}},"ast-content-background-meta":{"desktop":{"background-color":"var(--ast-global-color-4)","background-image":"","background-repeat":"repeat","background-position":"center center","background-size":"auto","background-attachment":"scroll","background-type":"","background-media":"","overlay-type":"","overlay-color":"","overlay-opacity":"","overlay-gradient":""},"tablet":{"background-color":"var(--ast-global-color-4)","background-image":"","background-repeat":"repeat","background-position":"center center","background-size":"auto","background-attachment":"scroll","background-type":"","background-media":"","overlay-type":"","overlay-color":"","overlay-opacity":"","overlay-gradient":""},"mobile":{"background-color":"var(--ast-global-color-4)","background-image":"","background-repeat":"repeat","background-position":"center center","background-size":"auto","background-attachment":"scroll","background-type":"","background-media":"","overlay-type":"","overlay-color":"","overlay-opacity":"","overlay-gradient":""}},"footnotes":""},"class_list":["post-212","page","type-page","status-publish","hentry"],"magazineBlocksPostFeaturedMedia":{"thumbnail":false,"medium":false,"medium_large":false,"large":false,"1536x1536":false,"2048x2048":false},"magazineBlocksPostAuthor":{"name":"admin","avatar":"https:\/\/secure.gravatar.com\/avatar\/f84989d0058aa19702beaaf21600d5689c84bea9534250267e765476a8346305?s=96&d=mm&r=g"},"magazineBlocksPostCommentsNumber":false,"magazineBlocksPostExcerpt":"CIO as a Service&nbsp;bedeutet die bedarfsgerechte \u00dcbernahme wichtiger CIO-Aufgaben aus einer Hand. Nicht jedes Unternehmen ben\u00f6tigt eine Vollzeit-Unterst\u00fctzung in der [&hellip;]","magazineBlocksPostCategories":[],"magazineBlocksPostViewCount":0,"magazineBlocksPostReadTime":3,"uagb_featured_image_src":{"full":false,"thumbnail":false,"medium":false,"medium_large":false,"large":false,"1536x1536":false,"2048x2048":false},"uagb_author_info":{"display_name":"admin","author_link":"https:\/\/digitalloge.com\/index.php\/author\/office_tqeq27sq\/"},"uagb_comment_info":0,"uagb_excerpt":"CIO as a Service&nbsp;bedeutet die bedarfsgerechte \u00dcbernahme wichtiger CIO-Aufgaben aus einer Hand. Nicht jedes Unternehmen ben\u00f6tigt eine Vollzeit-Unterst\u00fctzung in der [&hellip;]","_links":{"self":[{"href":"https:\/\/digitalloge.com\/index.php\/wp-json\/wp\/v2\/pages\/212","targetHints":{"allow":["GET"]}}],"collection":[{"href":"https:\/\/digitalloge.com\/index.php\/wp-json\/wp\/v2\/pages"}],"about":[{"href":"https:\/\/digitalloge.com\/index.php\/wp-json\/wp\/v2\/types\/page"}],"author":[{"embeddable":true,"href":"https:\/\/digitalloge.com\/index.php\/wp-json\/wp\/v2\/users\/1"}],"replies":[{"embeddable":true,"href":"https:\/\/digitalloge.com\/index.php\/wp-json\/wp\/v2\/comments?post=212"}],"version-history":[{"count":11,"href":"https:\/\/digitalloge.com\/index.php\/wp-json\/wp\/v2\/pages\/212\/revisions"}],"predecessor-version":[{"id":800,"href":"https:\/\/digitalloge.com\/index.php\/wp-json\/wp\/v2\/pages\/212\/revisions\/800"}],"wp:attachment":[{"href":"https:\/\/digitalloge.com\/index.php\/wp-json\/wp\/v2\/media?parent=212"}],"curies":[{"name":"wp","href":"https:\/\/api.w.org\/{rel}","templated":true}]}}