{"id":220,"date":"2025-02-26T13:41:44","date_gmt":"2025-02-26T13:41:44","guid":{"rendered":"https:\/\/test.digitalloge.com\/?page_id=220"},"modified":"2025-03-12T07:54:21","modified_gmt":"2025-03-12T07:54:21","slug":"excelence-consulting","status":"publish","type":"page","link":"https:\/\/digitalloge.com\/index.php\/excelence-consulting\/","title":{"rendered":"excelence-consulting-group->Krisenmanagement DiLo"},"content":{"rendered":"\n<div class=\"wp-block-uagb-container uagb-block-aue70fe6 alignfull uagb-is-root-container\">\n<div class=\"wp-block-uagb-info-box uagb-block-s6xuduzj uagb-infobox__content-wrap  uagb-infobox-icon-above-title uagb-infobox-image-valign-top\"><div class=\"uagb-ifb-content\"><div class=\"uagb-ifb-title-wrap\"><h1 class=\"uagb-ifb-title\">Krisenmanagement <\/h1><\/div><\/div><\/div>\n<\/div>\n\n\n\n<div class=\"wp-block-uagb-container uagb-layout-grid uagb-block-bdg15cwk alignfull uagb-is-root-container\"><div class=\"uagb-container-inner-blocks-wrap\">\n<div class=\"wp-block-uagb-info-box uagb-block-h2edgz4b uagb-infobox__content-wrap  uagb-infobox-icon-above-title uagb-infobox-image-valign-top\"><div class=\"uagb-ifb-content\"><div class=\"uagb-ifb-title-wrap\"><h1 class=\"uagb-ifb-title\">Unsere erfahrenen Experten helfen Ihnen, Krisensituationen zu meistern und ihre Organisation zu st\u00e4rken.<\/h1><\/div><div class=\"uagb-ifb-separator\"><\/div><p class=\"uagb-ifb-desc\"><br><\/p><\/div><\/div>\n\n\n\n<div class=\"wp-block-uagb-container uagb-block-jnrbmasg\">\n<div class=\"wp-block-uagb-buttons uagb-buttons__outer-wrap uagb-btn__default-btn uagb-btn-tablet__default-btn uagb-btn-mobile__default-btn uagb-block-airquyfs\"><div class=\"uagb-buttons__wrap uagb-buttons-layout-wrap \">\n<div class=\"wp-block-uagb-buttons-child uagb-buttons__outer-wrap uagb-block-g7wyentd wp-block-button\"><div class=\"uagb-button__wrapper\"><a class=\"uagb-buttons-repeater wp-block-button__link\" aria-label=\"\" href=\"https:\/\/digitalloge.zohobookings.eu\/#\/digitallogegmbh\" rel=\"follow noopener\" target=\"_blank\" role=\"button\"><div class=\"uagb-button__link\">Kostenfreies  Erstgespr\u00e4ch buchen<\/div><\/a><\/div><\/div>\n<\/div><\/div>\n<\/div>\n<\/div><\/div>\n\n\n\n<div class=\"wp-block-uagb-container uagb-block-q3tx5hk0 alignfull uagb-is-root-container\"><div class=\"uagb-container-inner-blocks-wrap\">\n<div class=\"wp-block-columns is-layout-flex wp-container-core-columns-is-layout-28f84493 wp-block-columns-is-layout-flex\">\n<div class=\"wp-block-column is-layout-flow wp-block-column-is-layout-flow\">\n<div class=\"wp-block-uagb-image aligncenter uagb-block-fqrskfuu wp-block-uagb-image--layout-default wp-block-uagb-image--effect-static wp-block-uagb-image--align-center alignleft\"><figure class=\"wp-block-uagb-image__figure\"><img decoding=\"async\" srcset=\"https:\/\/corporate-momentum-group.com\/wp-content\/uploads\/2024\/12\/iStock-1282210592_L-1024x576.jpg ,https:\/\/corporate-momentum-group.com\/wp-content\/uploads\/2024\/12\/iStock-1282210592_L.jpg 780w, https:\/\/corporate-momentum-group.com\/wp-content\/uploads\/2024\/12\/iStock-1282210592_L.jpg 360w\" sizes=\"auto, (max-width: 480px) 150px\" src=\"https:\/\/corporate-momentum-group.com\/wp-content\/uploads\/2024\/12\/iStock-1282210592_L-1024x576.jpg\" alt=\"\" class=\"uag-image-4227\" width=\"590\" height=\"600\" title=\"Gentle robot hand\" loading=\"lazy\" role=\"img\"\/><\/figure><\/div>\n<\/div>\n\n\n\n<div class=\"wp-block-column is-content-justification-center is-layout-constrained wp-block-column-is-layout-constrained\">\n<div class=\"wp-block-uagb-container uagb-layout-flex uagb-block-79d785c8 default uagb-is-root-container\">\n<div class=\"wp-block-uagb-info-box uagb-block-85852d1f uagb-infobox__content-wrap  uagb-infobox-icon-above-title uagb-infobox-image-valign-top wp-block-uagb-info-box--has-margin\"><div class=\"uagb-infobox-margin-wrapper\"><div class=\"uagb-ifb-content\"><div class=\"uagb-ifb-title-wrap\"><p class=\"uagb-ifb-title-prefix\">Strategien zur effektiven Krisenbew\u00e4ltigung <\/p><h2 class=\"uagb-ifb-title\">Krisenmanagement f\u00fcr eine resiliente Organisation<\/h2><\/div><div class=\"uagb-ifb-separator\"><\/div><\/div><\/div><\/div>\n\n\n\n<p>Eine Krise kann jeden Moment eintreten und Ihre Organisation vor immense Herausforderungen stellen. Die Frage ist nicht, ob eine Krise eintreten wird, sondern wann und wie Sie darauf reagieren werden. Viele Unternehmen stehen vor der Herausforderung, ihre Organisation auf m\u00f6gliche Krisen vorzubereiten und effektiv zu reagieren, um ihre Existenz und ihren Erfolg zu sichern. Unsere Experten unterst\u00fctzen Sie bei der Vorbereitung und dem Management von Krisen, um Ihre Organisation zu st\u00e4rken und zu sch\u00fctzen. Wir helfen Ihnen, Antworten auf Fragen wie &#8220;Wie kann ich meine Organisation auf m\u00f6gliche Krisen vorbereiten und st\u00e4rken?&#8221; und &#8220;Wie kann ich Krisen schnell und effektiv bew\u00e4ltigen?&#8221; zu finden. Durch effektives Krisenmanagement k\u00f6nnen Sie Ihren nachhaltigen Erfolg und Wachstum sicherstellen und Ihre Organisation resilient gegen\u00fcber m\u00f6glichen Krisen machen. Unsere Experten stehen Ihnen zur Seite, um Sie bei der Entwicklung und Umsetzung von Strategien zur effektiven Krisenbew\u00e4ltigung zu unterst\u00fctzen.<\/p>\n<\/div>\n<\/div>\n<\/div>\n<\/div><\/div>\n\n\n\n<div class=\"wp-block-uagb-container uagb-block-6velgqpd alignfull uagb-is-root-container\"><div class=\"uagb-container-inner-blocks-wrap\">\n<div class=\"wp-block-columns is-layout-flex wp-container-core-columns-is-layout-28f84493 wp-block-columns-is-layout-flex\">\n<div class=\"wp-block-column is-layout-flow wp-block-column-is-layout-flow\">\n<div class=\"wp-block-uagb-container uagb-block-qhkvbdbp\">\n<div class=\"wp-block-uagb-info-box uagb-block-5p02kdfi uagb-infobox__content-wrap  uagb-infobox-icon-above-title uagb-infobox-image-valign-top wp-block-uagb-info-box--has-margin\"><div class=\"uagb-infobox-margin-wrapper\"><div class=\"uagb-ifb-content\"><div class=\"uagb-ifb-title-wrap\"><p class=\"uagb-ifb-title-prefix\">Die schnelle und effektive Reaktion auf Krisen<\/p><h2 class=\"uagb-ifb-title\">Unsere Expertise f\u00fcr Ihre Erfolgskurve<\/h2><\/div><div class=\"uagb-ifb-separator\"><\/div><\/div><\/div><\/div>\n\n\n\n<p>Die schnelle und effektive Reaktion auf Krisen ist entscheidend f\u00fcr den Erfolg Ihres Unternehmens. Unsere erfahrenen Experten unterst\u00fctzen Sie bei der Bew\u00e4ltigung Ihrer Krisensituation und der Strukturierung notwendiger Aktivit\u00e4ten in allen Phasen. Wir beginnen mit der Krisenidentifizierung, bei der wir m\u00f6gliche Krisen identifizieren und Strategien entwickeln, um sie zu vermeiden oder zu minimieren. Anschlie\u00dfend f\u00fchren wir eine Krisenanalyse durch, bei der wir die Auswirkungen einer Krise auf Ihre Organisation analysieren und Pl\u00e4ne entwickeln, um sie zu bew\u00e4ltigen. Wenn eine Krise eintritt, unterst\u00fctzen wir Sie bei der Krisenbew\u00e4ltigung, indem wir Ihnen helfen, Ma\u00dfnahmen umzusetzen, um die Krise zu bew\u00e4ltigen und Ihre Organisation zu sch\u00fctzen. Schlie\u00dflich unterst\u00fctzen unsere Experten Sie bei der Krisennachbearbeitung und -bewertung, bei der wir die Erfahrungen aus der Krise auswerten und Ihre Organisation besser auf zuk\u00fcnftige Herausforderungen vorbereiten. Durch unsere Expertise k\u00f6nnen Sie sicherstellen, dass Ihre Organisation auf m\u00f6gliche Krisen vorbereitet ist und dass Sie in der Lage sind, schnell und effektiv auf Krisen zu reagieren. Unsere Experten stehen Ihnen zur Seite, um Sie bei der Entwicklung und Umsetzung von Strategien zur effektiven Krisenbew\u00e4ltigung zu unterst\u00fctzen und Ihren Erfolg zu sichern.<\/p>\n<\/div>\n<\/div>\n\n\n\n<div class=\"wp-block-column is-layout-flow wp-block-column-is-layout-flow\">\n<div class=\"wp-block-uagb-image aligncenter uagb-block-isnzgyit wp-block-uagb-image--layout-default wp-block-uagb-image--effect-static wp-block-uagb-image--align-center alignleft\"><figure class=\"wp-block-uagb-image__figure\"><img decoding=\"async\" srcset=\"https:\/\/corporate-momentum-group.com\/wp-content\/uploads\/2024\/12\/iStock-615524918_L-1-1024x683.jpg ,https:\/\/corporate-momentum-group.com\/wp-content\/uploads\/2024\/12\/iStock-615524918_L-1.jpg 780w, https:\/\/corporate-momentum-group.com\/wp-content\/uploads\/2024\/12\/iStock-615524918_L-1.jpg 360w\" sizes=\"auto, (max-width: 480px) 150px\" src=\"https:\/\/corporate-momentum-group.com\/wp-content\/uploads\/2024\/12\/iStock-615524918_L-1-1024x683.jpg\" alt=\"\" class=\"uag-image-4508\" width=\"588\" height=\"600\" title=\"Winner\" loading=\"lazy\" role=\"img\"\/><\/figure><\/div>\n<\/div>\n<\/div>\n<\/div><\/div>\n\n\n\n<div style=\"background-image:url(&apos;https:\/\/digitalloge.com\/wp-content\/uploads\/2025\/02\/2022-Corporate-Momentum22824a.jpg&apos;);background-size:cover;background-attachment:scroll;\" class=\"wp-block-group alignfull is-layout-constrained wp-block-group-is-layout-constrained has-background\" id=\"reviews\">\n<div class=\"wp-block-columns is-layout-flex wp-container-core-columns-is-layout-28f84493 wp-block-columns-is-layout-flex\">\n<div class=\"wp-block-column is-layout-flow wp-block-column-is-layout-flow\" style=\"border-radius:0px;padding-top:var(--wp--preset--spacing--80);padding-bottom:0\">\n<div class=\"wp-block-uagb-container uagb-block-f02b9748 default uagb-is-root-container\">\n<div class=\"wp-block-uagb-advanced-heading uagb-block-ea2275cd\"><h3 class=\"uagb-heading-text\">Wir sind f\u00fcr Sie&nbsp;da.<\/h3><\/div>\n\n\n\n<div class=\"wp-block-uagb-advanced-heading uagb-block-cd2256ce\"><h3 class=\"uagb-heading-text\">Sie haben Fragen? Kontaktieren <br> Sie&nbsp;uns!<br><\/h3><\/div>\n\n\n\n<div class=\"wp-block-uagb-separator uagb-block-676bb17f\"><div class=\"uagb-separator-spacing-wrapper\"><div class=\"wp-block-uagb-separator__inner\" style=\"--my-background-image:\"><\/div><\/div><\/div>\n\n\n\n<p class=\"has-white-color has-text-color has-link-color wp-elements-f5742ccce57f44e1eb32c6c668e8eaaa\" style=\"margin-right:0;margin-left:0;padding-right:var(--wp--preset--spacing--80);padding-left:var(--wp--preset--spacing--70);font-size:13px\">Ihr Unternehmen befasst sich mit Digitalisierungs- und Innovationsthemen und legt dabei Wert auf nachhaltigen Erfolg und dauerhaft gest\u00e4rkte Position im Wettbewerb? Die DigitalLoge ist Ihr strategischer Partner f\u00fcr alle relevanten Themen der Digitalisierung und des IT-Managements.<br>Kontaktieren Sie uns \u2014 kostenlos und unverbindlich!<\/p>\n\n\n\n<div class=\"wp-block-uagb-buttons uagb-buttons__outer-wrap uagb-btn__default-btn uagb-btn-tablet__default-btn uagb-btn-mobile__default-btn uagb-block-e3880784\"><div class=\"uagb-buttons__wrap uagb-buttons-layout-wrap \">\n<div data-aos= \"fade-down\" data-aos-duration=\"400\" data-aos-delay=\"0\" data-aos-easing=\"ease\" data-aos-once=\"true\" class=\"wp-block-uagb-buttons-child uagb-buttons__outer-wrap uagb-block-bdaf0b98 wp-block-button\"><div class=\"uagb-button__wrapper\"><a class=\"uagb-buttons-repeater wp-block-button__link\" aria-label=\"\" href=\"https:\/\/digitalloge.zohobookings.eu\/#\/digitallogegmbh\" rel=\"follow noopener\" target=\"_self\" role=\"button\"><div class=\"uagb-button__link\">Kos\u00adten\u00adfrei\u00ades Erstgespr\u00e4ch<\/div><span class=\"uagb-button__icon uagb-button__icon-position-after\"><svg xmlns=\"https:\/\/www.w3.org\/2000\/svg\" viewBox=\"0 0 448 512\" aria-hidden=\"true\" focussable=\"false\"><path d=\"M438.6 278.6l-160 160C272.4 444.9 264.2 448 256 448s-16.38-3.125-22.62-9.375c-12.5-12.5-12.5-32.75 0-45.25L338.8 288H32C14.33 288 .0016 273.7 .0016 256S14.33 224 32 224h306.8l-105.4-105.4c-12.5-12.5-12.5-32.75 0-45.25s32.75-12.5 45.25 0l160 160C451.1 245.9 451.1 266.1 438.6 278.6z\"><\/path><\/svg><\/span><\/a><\/div><\/div>\n<\/div><\/div>\n<\/div>\n<\/div>\n<\/div>\n<\/div>\n\n\n\n<p><\/p>\n","protected":false},"excerpt":{"rendered":"<p>Eine Krise kann jeden Moment eintreten und Ihre Organisation vor immense Herausforderungen stellen. Die Frage ist nicht, ob eine Krise [&hellip;]<\/p>\n","protected":false},"author":1,"featured_media":0,"parent":0,"menu_order":0,"comment_status":"closed","ping_status":"closed","template":"","meta":{"_uag_custom_page_level_css":"","site-sidebar-layout":"default","site-content-layout":"","ast-site-content-layout":"","site-content-style":"default","site-sidebar-style":"default","ast-global-header-display":"","ast-banner-title-visibility":"","ast-main-header-display":"","ast-hfb-above-header-display":"","ast-hfb-below-header-display":"","ast-hfb-mobile-header-display":"","site-post-title":"disabled","ast-breadcrumbs-content":"","ast-featured-img":"","footer-sml-layout":"","ast-disable-related-posts":"","theme-transparent-header-meta":"","adv-header-id-meta":"","stick-header-meta":"","header-above-stick-meta":"","header-main-stick-meta":"","header-below-stick-meta":"","astra-migrate-meta-layouts":"default","ast-page-background-enabled":"default","ast-page-background-meta":{"desktop":{"background-color":"var(--ast-global-color-5)","background-image":"","background-repeat":"repeat","background-position":"center center","background-size":"auto","background-attachment":"scroll","background-type":"","background-media":"","overlay-type":"","overlay-color":"","overlay-opacity":"","overlay-gradient":""},"tablet":{"background-color":"","background-image":"","background-repeat":"repeat","background-position":"center center","background-size":"auto","background-attachment":"scroll","background-type":"","background-media":"","overlay-type":"","overlay-color":"","overlay-opacity":"","overlay-gradient":""},"mobile":{"background-color":"","background-image":"","background-repeat":"repeat","background-position":"center center","background-size":"auto","background-attachment":"scroll","background-type":"","background-media":"","overlay-type":"","overlay-color":"","overlay-opacity":"","overlay-gradient":""}},"ast-content-background-meta":{"desktop":{"background-color":"var(--ast-global-color-4)","background-image":"","background-repeat":"repeat","background-position":"center center","background-size":"auto","background-attachment":"scroll","background-type":"","background-media":"","overlay-type":"","overlay-color":"","overlay-opacity":"","overlay-gradient":""},"tablet":{"background-color":"var(--ast-global-color-4)","background-image":"","background-repeat":"repeat","background-position":"center center","background-size":"auto","background-attachment":"scroll","background-type":"","background-media":"","overlay-type":"","overlay-color":"","overlay-opacity":"","overlay-gradient":""},"mobile":{"background-color":"var(--ast-global-color-4)","background-image":"","background-repeat":"repeat","background-position":"center center","background-size":"auto","background-attachment":"scroll","background-type":"","background-media":"","overlay-type":"","overlay-color":"","overlay-opacity":"","overlay-gradient":""}},"footnotes":""},"class_list":["post-220","page","type-page","status-publish","hentry"],"magazineBlocksPostFeaturedMedia":{"thumbnail":false,"medium":false,"medium_large":false,"large":false,"1536x1536":false,"2048x2048":false},"magazineBlocksPostAuthor":{"name":"admin","avatar":"https:\/\/secure.gravatar.com\/avatar\/f84989d0058aa19702beaaf21600d5689c84bea9534250267e765476a8346305?s=96&d=mm&r=g"},"magazineBlocksPostCommentsNumber":false,"magazineBlocksPostExcerpt":"Eine Krise kann jeden Moment eintreten und Ihre Organisation vor immense Herausforderungen stellen. Die Frage ist nicht, ob eine Krise [&hellip;]","magazineBlocksPostCategories":[],"magazineBlocksPostViewCount":0,"magazineBlocksPostReadTime":3,"uagb_featured_image_src":{"full":false,"thumbnail":false,"medium":false,"medium_large":false,"large":false,"1536x1536":false,"2048x2048":false},"uagb_author_info":{"display_name":"admin","author_link":"https:\/\/digitalloge.com\/index.php\/author\/office_tqeq27sq\/"},"uagb_comment_info":0,"uagb_excerpt":"Eine Krise kann jeden Moment eintreten und Ihre Organisation vor immense Herausforderungen stellen. Die Frage ist nicht, ob eine Krise [&hellip;]","_links":{"self":[{"href":"https:\/\/digitalloge.com\/index.php\/wp-json\/wp\/v2\/pages\/220","targetHints":{"allow":["GET"]}}],"collection":[{"href":"https:\/\/digitalloge.com\/index.php\/wp-json\/wp\/v2\/pages"}],"about":[{"href":"https:\/\/digitalloge.com\/index.php\/wp-json\/wp\/v2\/types\/page"}],"author":[{"embeddable":true,"href":"https:\/\/digitalloge.com\/index.php\/wp-json\/wp\/v2\/users\/1"}],"replies":[{"embeddable":true,"href":"https:\/\/digitalloge.com\/index.php\/wp-json\/wp\/v2\/comments?post=220"}],"version-history":[{"count":8,"href":"https:\/\/digitalloge.com\/index.php\/wp-json\/wp\/v2\/pages\/220\/revisions"}],"predecessor-version":[{"id":807,"href":"https:\/\/digitalloge.com\/index.php\/wp-json\/wp\/v2\/pages\/220\/revisions\/807"}],"wp:attachment":[{"href":"https:\/\/digitalloge.com\/index.php\/wp-json\/wp\/v2\/media?parent=220"}],"curies":[{"name":"wp","href":"https:\/\/api.w.org\/{rel}","templated":true}]}}